{"id":1572,"date":"2025-08-19T14:06:29","date_gmt":"2025-08-19T14:06:29","guid":{"rendered":"https:\/\/gs-mosina.com.pl\/?page_id=1572"},"modified":"2025-11-06T06:31:14","modified_gmt":"2025-11-06T06:31:14","slug":"dzierzawa-powierzchni","status":"publish","type":"page","link":"http:\/\/gs-mosina.com.pl\/?page_id=1572","title":{"rendered":"Dzier\u017cawa powierzchni"},"content":{"rendered":"\n<h2>Dzier\u017cawa powierzchni<\/h2>\n<p data-start=\"17\" data-end=\"225\">Oferujemy atrakcyjne powierzchnie handlowe, magazynowe i biurowe w Gminie Mosina.<\/p>\n<p data-start=\"17\" data-end=\"225\">To idealne rozwi\u0105zanie dla firm i instytucji poszukuj\u0105cych sprawdzonych i elastycznych warunk\u00f3w najmu.<\/p>\n<p><a href=\"https:\/\/gs-mosina.com.pl\/historia-spoldzielni\/\"><\/p>\n<p>Wi\u0119cej informacji<br \/>\n<\/a><\/p>\n<h2>Nasza oferta wynajmu<\/h2>\n<p>Gminna Sp\u00f3\u0142dzielnia \u201eSamopomoc Ch\u0142opska\u201d w Mosinie od lat udost\u0119pnia r\u00f3\u017cnego rodzaju powierzchnie dla firm, instytucji oraz os\u00f3b prywatnych. Dbamy o to, by nasi klienci otrzymywali przestrze\u0144 dopasowan\u0105 do ich potrzeb\u00a0 w przejrzystych i korzystnych warunkach.<\/p>\n<ul>\n<li>\nAtrakcyjna lokalizacja w Gminie Mosina<\/li>\n<li>\nElastyczne warunki najmu<\/li>\n<li>\nProfesjonalna obs\u0142uga i doradztwo<\/li>\n<li>\nMo\u017cliwo\u015b\u0107 dostosowania przestrzeni do indywidualnych potrzeb<\/li>\n<\/ul>\n<p><img fetchpriority=\"high\" decoding=\"async\" src=\"http:\/\/gs-mosina.com.pl\/wp-content\/uploads\/2025\/08\/3d-rendering-business-meeting-and-working-room-on-2025-01-07-12-18-14-utc-1024x1024.jpg\" sizes=\"(max-width: 1024px) 100vw, 1024px\" srcset=\"http:\/\/gs-mosina.com.pl\/wp-content\/uploads\/2025\/08\/3d-rendering-business-meeting-and-working-room-on-2025-01-07-12-18-14-utc-1024x1024.jpg 1024w, http:\/\/gs-mosina.com.pl\/wp-content\/uploads\/2025\/08\/3d-rendering-business-meeting-and-working-room-on-2025-01-07-12-18-14-utc-300x300.jpg 300w, http:\/\/gs-mosina.com.pl\/wp-content\/uploads\/2025\/08\/3d-rendering-business-meeting-and-working-room-on-2025-01-07-12-18-14-utc-150x150.jpg 150w, http:\/\/gs-mosina.com.pl\/wp-content\/uploads\/2025\/08\/3d-rendering-business-meeting-and-working-room-on-2025-01-07-12-18-14-utc-768x768.jpg 768w, http:\/\/gs-mosina.com.pl\/wp-content\/uploads\/2025\/08\/3d-rendering-business-meeting-and-working-room-on-2025-01-07-12-18-14-utc-1536x1536.jpg 1536w, http:\/\/gs-mosina.com.pl\/wp-content\/uploads\/2025\/08\/3d-rendering-business-meeting-and-working-room-on-2025-01-07-12-18-14-utc-2048x2048.jpg 2048w\" alt=\"\" width=\"1024\" height=\"1024\" \/><\/p>\n<h2>Rodzaje powierzchni dost\u0119pnych do dzier\u017cawy<\/h2>\n<ul>\n<li data-start=\"517\" data-end=\"623\">\n<p data-start=\"519\" data-end=\"623\"><strong data-start=\"519\" data-end=\"555\">Powierzchnie handlowe i us\u0142ugowe<\/strong> \u2013 idealne dla sklep\u00f3w, punkt\u00f3w us\u0142ugowych i biur obs\u0142ugi klienta.<\/p>\n<\/li>\n<li data-start=\"624\" data-end=\"718\">\n<p data-start=\"626\" data-end=\"718\"><strong data-start=\"626\" data-end=\"653\">Powierzchnie magazynowe<\/strong> \u2013 bezpieczne i przestronne magazyny w dogodnych lokalizacjach.<\/p>\n<\/li>\n<li data-start=\"719\" data-end=\"803\">\n<p data-start=\"721\" data-end=\"803\"><strong data-start=\"721\" data-end=\"745\">Powierzchnie biurowe<\/strong> \u2013 funkcjonalne i dobrze skomunikowane miejsca do pracy.<\/p>\n<\/li>\n<li data-start=\"804\" data-end=\"895\">\n<p data-start=\"806\" data-end=\"895\"><strong data-start=\"806\" data-end=\"835\">Warsztatowe i produkcyjne<\/strong> \u2013 dostosowane do potrzeb rzemie\u015blnik\u00f3w i firm us\u0142ugowych.<\/p>\n<\/li>\n<li data-start=\"896\" data-end=\"1006\">\n<p data-start=\"898\" data-end=\"1006\"><strong data-start=\"898\" data-end=\"926\">Powierzchnie kontenerowe<\/strong> \u2013 elastyczne rozwi\u0105zania dla mniejszych biznes\u00f3w i dodatkowego magazynowania.<\/p>\n<\/li>\n<\/ul>\n<h3 data-start=\"1226\" data-end=\"1261\"><strong data-start=\"1230\" data-end=\"1259\">Jak rozpocz\u0105\u0107 wsp\u00f3\u0142prac\u0119?<\/strong><\/h3>\n<ol data-start=\"1262\" data-end=\"1455\">\n<li data-start=\"1262\" data-end=\"1311\">\n<p data-start=\"1265\" data-end=\"1311\"><strong>Wybierz interesuj\u0105cy Ci\u0119 rodzaj powierzchni.<\/strong><\/p>\n<\/li>\n<li data-start=\"1312\" data-end=\"1374\">\n<p data-start=\"1315\" data-end=\"1374\"><strong>Skontaktuj si\u0119 z naszym biurem, aby sprawdzi\u0107 dost\u0119pno\u015b\u0107.<\/strong><\/p>\n<\/li>\n<li data-start=\"1375\" data-end=\"1455\">\n<p data-start=\"1378\" data-end=\"1455\"><strong>Podpisz umow\u0119 i korzystaj z wynaj\u0119tej przestrzeni bez zb\u0119dnych formalno\u015bci.<\/strong><\/p>\n<\/li>\n<\/ol>\n<h3>Wsp\u00f3\u0142pracuj z nami ju\u017c dzi\u015b<\/h3>\n<p>Do\u0142\u0105cz do grona klient\u00f3w, kt\u00f3rzy nam zaufali. Niezale\u017cnie od tego, czy potrzebujesz powierzchni dla swojego biznesu, czy solidnych towar\u00f3w masowych \u2013 oferujemy sprawdzone rozwi\u0105zania i indywidualne podej\u015bcie.<\/p>\n<p><a href=\"https:\/\/gs-mosina.com.pl\/kontakt\/\"><\/p>\n<p>Skontaktuj si\u0119 z nami<br \/>\n<\/a><\/p>\n","protected":false},"excerpt":{"rendered":"<p>Dzier\u017cawa powierzchni Oferujemy atrakcyjne powierzchnie handlowe, magazynowe i biurowe w Gminie Mosina. To idealne rozwi\u0105zanie dla firm i instytucji poszukuj\u0105cych sprawdzonych i elastycznych warunk\u00f3w najmu. Wi\u0119cej informacji Nasza oferta wynajmu Gminna Sp\u00f3\u0142dzielnia \u201eSamopomoc Ch\u0142opska\u201d w Mosinie od lat udost\u0119pnia r\u00f3\u017cnego rodzaju powierzchnie dla firm, instytucji oraz os\u00f3b prywatnych. Dbamy o to, by nasi klienci otrzymywali [&hellip;]<\/p>\n","protected":false},"author":1,"featured_media":0,"parent":0,"menu_order":0,"comment_status":"closed","ping_status":"closed","template":"elementor_header_footer","meta":{"footnotes":""},"class_list":["post-1572","page","type-page","status-publish","hentry"],"blocksy_meta":[],"_links":{"self":[{"href":"http:\/\/gs-mosina.com.pl\/index.php?rest_route=\/wp\/v2\/pages\/1572","targetHints":{"allow":["GET"]}}],"collection":[{"href":"http:\/\/gs-mosina.com.pl\/index.php?rest_route=\/wp\/v2\/pages"}],"about":[{"href":"http:\/\/gs-mosina.com.pl\/index.php?rest_route=\/wp\/v2\/types\/page"}],"author":[{"embeddable":true,"href":"http:\/\/gs-mosina.com.pl\/index.php?rest_route=\/wp\/v2\/users\/1"}],"replies":[{"embeddable":true,"href":"http:\/\/gs-mosina.com.pl\/index.php?rest_route=%2Fwp%2Fv2%2Fcomments&post=1572"}],"version-history":[{"count":44,"href":"http:\/\/gs-mosina.com.pl\/index.php?rest_route=\/wp\/v2\/pages\/1572\/revisions"}],"predecessor-version":[{"id":1960,"href":"http:\/\/gs-mosina.com.pl\/index.php?rest_route=\/wp\/v2\/pages\/1572\/revisions\/1960"}],"wp:attachment":[{"href":"http:\/\/gs-mosina.com.pl\/index.php?rest_route=%2Fwp%2Fv2%2Fmedia&parent=1572"}],"curies":[{"name":"wp","href":"https:\/\/api.w.org\/{rel}","templated":true}]}}