{"id":1604,"date":"2025-08-19T15:56:19","date_gmt":"2025-08-19T15:56:19","guid":{"rendered":"https:\/\/gs-mosina.com.pl\/?page_id=1604"},"modified":"2026-03-03T11:16:58","modified_gmt":"2026-03-03T11:16:58","slug":"handel-nawozami","status":"publish","type":"page","link":"http:\/\/gs-mosina.com.pl\/?page_id=1604","title":{"rendered":"Handel nawozami"},"content":{"rendered":"\t\t<div data-elementor-type=\"wp-page\" data-elementor-id=\"1604\" class=\"elementor elementor-1604\">\n\t\t\t\t<div class=\"elementor-element elementor-element-8493f88 e-flex e-con-boxed e-con e-parent\" data-id=\"8493f88\" data-element_type=\"container\">\n\t\t\t\t\t<div class=\"e-con-inner\">\n\t\t<div class=\"elementor-element elementor-element-6472ecd e-flex e-con-boxed e-con e-child\" data-id=\"6472ecd\" data-element_type=\"container\" data-settings=\"{&quot;background_background&quot;:&quot;classic&quot;}\">\n\t\t\t\t\t<div class=\"e-con-inner\">\n\t\t<div class=\"elementor-element elementor-element-ca19845 e-con-full e-flex e-con e-child\" data-id=\"ca19845\" data-element_type=\"container\">\n\t\t\t\t<div class=\"elementor-element elementor-element-fe6d92a elementor-widget elementor-widget-shortcode\" data-id=\"fe6d92a\" data-element_type=\"widget\" data-widget_type=\"shortcode.default\">\n\t\t\t\t\t\t\t<div class=\"elementor-shortcode\"><\/div>\n\t\t\t\t\t\t<\/div>\n\t\t\t\t<div class=\"elementor-element elementor-element-c91d8ff elementor-widget elementor-widget-heading\" data-id=\"c91d8ff\" data-element_type=\"widget\" data-widget_type=\"heading.default\">\n\t\t\t\t\t<h2 class=\"elementor-heading-title elementor-size-default\">Handel nawozami<\/h2>\t\t\t\t<\/div>\n\t\t\t\t<div class=\"elementor-element elementor-element-a5cbed2 elementor-widget elementor-widget-text-editor\" data-id=\"a5cbed2\" data-element_type=\"widget\" data-widget_type=\"text-editor.default\">\n\t\t\t\t\t\t\t\t\t<p data-start=\"93\" data-end=\"277\">Oferujemy sprawdzone nawozy od renomowanych producent\u00f3w, wspieraj\u0105ce rozw\u00f3j upraw i wysokie plony. Gwarantujemy jako\u015b\u0107, atrakcyjne ceny i profesjonaln\u0105 obs\u0142ug\u0119.<\/p>\t\t\t\t\t\t\t\t<\/div>\n\t\t\t\t<\/div>\n\t\t<div class=\"elementor-element elementor-element-cdcccab e-con-full e-flex e-con e-child\" data-id=\"cdcccab\" data-element_type=\"container\">\n\t\t\t\t<\/div>\n\t\t\t\t\t<\/div>\n\t\t\t\t<\/div>\n\t\t\t\t\t<\/div>\n\t\t\t\t<\/div>\n\t\t<div class=\"elementor-element elementor-element-ccd0442 e-flex e-con-boxed e-con e-parent\" data-id=\"ccd0442\" data-element_type=\"container\">\n\t\t\t\t\t<div class=\"e-con-inner\">\n\t\t<div class=\"elementor-element elementor-element-862b6ce e-flex e-con-boxed e-con e-child\" data-id=\"862b6ce\" data-element_type=\"container\" data-settings=\"{&quot;background_background&quot;:&quot;classic&quot;}\">\n\t\t\t\t\t<div class=\"e-con-inner\">\n\t\t<div class=\"elementor-element elementor-element-62e6985 e-con-full elementor-hidden-desktop elementor-hidden-tablet elementor-hidden-mobile e-flex e-con e-child\" data-id=\"62e6985\" data-element_type=\"container\">\n\t\t<div class=\"elementor-element elementor-element-aaa4f29 e-con-full e-flex e-con e-child\" data-id=\"aaa4f29\" data-element_type=\"container\">\n\t\t\t\t<div class=\"elementor-element elementor-element-a41040d elementor-widget elementor-widget-heading\" data-id=\"a41040d\" data-element_type=\"widget\" data-widget_type=\"heading.default\">\n\t\t\t\t\t<h2 class=\"elementor-heading-title elementor-size-default\">Nasza oferta opa\u0142u<\/h2>\t\t\t\t<\/div>\n\t\t\t\t<div class=\"elementor-element elementor-element-5ed44aa elementor-widget__width-initial elementor-widget elementor-widget-text-editor\" data-id=\"5ed44aa\" data-element_type=\"widget\" data-widget_type=\"text-editor.default\">\n\t\t\t\t\t\t\t\t\t<p>Gminna Sp\u00f3\u0142dzielnia \u201eSamopomoc Ch\u0142opska\u201d w Mosinie od wielu lat prowadzi sprzeda\u017c wysokiej jako\u015bci opa\u0142u dla mieszka\u0144c\u00f3w oraz firm. Zapewniamy sprawdzone produkty w konkurencyjnych cenach, dost\u0119pne zar\u00f3wno luzem, jak i w wygodnych workach.<\/p>\t\t\t\t\t\t\t\t<\/div>\n\t\t\t\t<\/div>\n\t\t<div class=\"elementor-element elementor-element-af464ca e-con-full e-flex e-con e-child\" data-id=\"af464ca\" data-element_type=\"container\">\n\t\t\t\t<div class=\"elementor-element elementor-element-7259090 elementor-align-left elementor-widget__width-initial elementor-icon-list--layout-traditional elementor-list-item-link-full_width elementor-widget elementor-widget-icon-list\" data-id=\"7259090\" data-element_type=\"widget\" data-widget_type=\"icon-list.default\">\n\t\t\t\t\t\t\t<ul class=\"elementor-icon-list-items\">\n\t\t\t\t\t\t\t<li class=\"elementor-icon-list-item\">\n\t\t\t\t\t\t\t\t\t\t\t<span class=\"elementor-icon-list-icon\">\n\t\t\t\t\t\t\t<svg aria-hidden=\"true\" class=\"e-font-icon-svg e-fas-check\" viewBox=\"0 0 512 512\" xmlns=\"http:\/\/www.w3.org\/2000\/svg\"><path d=\"M173.898 439.404l-166.4-166.4c-9.997-9.997-9.997-26.206 0-36.204l36.203-36.204c9.997-9.998 26.207-9.998 36.204 0L192 312.69 432.095 72.596c9.997-9.997 26.207-9.997 36.204 0l36.203 36.204c9.997 9.997 9.997 26.206 0 36.204l-294.4 294.401c-9.998 9.997-26.207 9.997-36.204-.001z\"><\/path><\/svg>\t\t\t\t\t\t<\/span>\n\t\t\t\t\t\t\t\t\t\t<span class=\"elementor-icon-list-text\">Produkty renomowanych producent\u00f3w<\/span>\n\t\t\t\t\t\t\t\t\t<\/li>\n\t\t\t\t\t\t\t\t<li class=\"elementor-icon-list-item\">\n\t\t\t\t\t\t\t\t\t\t\t<span class=\"elementor-icon-list-icon\">\n\t\t\t\t\t\t\t<svg aria-hidden=\"true\" class=\"e-font-icon-svg e-fas-check\" viewBox=\"0 0 512 512\" xmlns=\"http:\/\/www.w3.org\/2000\/svg\"><path d=\"M173.898 439.404l-166.4-166.4c-9.997-9.997-9.997-26.206 0-36.204l36.203-36.204c9.997-9.998 26.207-9.998 36.204 0L192 312.69 432.095 72.596c9.997-9.997 26.207-9.997 36.204 0l36.203 36.204c9.997 9.997 9.997 26.206 0 36.204l-294.4 294.401c-9.998 9.997-26.207 9.997-36.204-.001z\"><\/path><\/svg>\t\t\t\t\t\t<\/span>\n\t\t\t\t\t\t\t\t\t\t<span class=\"elementor-icon-list-text\">Gwarancja wysokiej jako\u015bci i skuteczno\u015bci<\/span>\n\t\t\t\t\t\t\t\t\t<\/li>\n\t\t\t\t\t\t\t\t<li class=\"elementor-icon-list-item\">\n\t\t\t\t\t\t\t\t\t\t\t<span class=\"elementor-icon-list-icon\">\n\t\t\t\t\t\t\t<svg aria-hidden=\"true\" class=\"e-font-icon-svg e-fas-check\" viewBox=\"0 0 512 512\" xmlns=\"http:\/\/www.w3.org\/2000\/svg\"><path d=\"M173.898 439.404l-166.4-166.4c-9.997-9.997-9.997-26.206 0-36.204l36.203-36.204c9.997-9.998 26.207-9.998 36.204 0L192 312.69 432.095 72.596c9.997-9.997 26.207-9.997 36.204 0l36.203 36.204c9.997 9.997 9.997 26.206 0 36.204l-294.4 294.401c-9.998 9.997-26.207 9.997-36.204-.001z\"><\/path><\/svg>\t\t\t\t\t\t<\/span>\n\t\t\t\t\t\t\t\t\t\t<span class=\"elementor-icon-list-text\">Us\u0142ugi transportowe w promieniu 30 km<\/span>\n\t\t\t\t\t\t\t\t\t<\/li>\n\t\t\t\t\t\t\t\t<li class=\"elementor-icon-list-item\">\n\t\t\t\t\t\t\t\t\t\t\t<span class=\"elementor-icon-list-icon\">\n\t\t\t\t\t\t\t<svg aria-hidden=\"true\" class=\"e-font-icon-svg e-fas-check\" viewBox=\"0 0 512 512\" xmlns=\"http:\/\/www.w3.org\/2000\/svg\"><path d=\"M173.898 439.404l-166.4-166.4c-9.997-9.997-9.997-26.206 0-36.204l36.203-36.204c9.997-9.998 26.207-9.998 36.204 0L192 312.69 432.095 72.596c9.997-9.997 26.207-9.997 36.204 0l36.203 36.204c9.997 9.997 9.997 26.206 0 36.204l-294.4 294.401c-9.998 9.997-26.207 9.997-36.204-.001z\"><\/path><\/svg>\t\t\t\t\t\t<\/span>\n\t\t\t\t\t\t\t\t\t\t<span class=\"elementor-icon-list-text\">Doradztwo w wyborze odpowiedniego rodzaju opa\u0142u<\/span>\n\t\t\t\t\t\t\t\t\t<\/li>\n\t\t\t\t\t\t<\/ul>\n\t\t\t\t\t\t<\/div>\n\t\t\t\t<\/div>\n\t\t\t\t<\/div>\n\t\t<div class=\"elementor-element elementor-element-7cdc13b e-con-full e-flex e-con e-child\" data-id=\"7cdc13b\" data-element_type=\"container\">\n\t\t\t\t<div class=\"elementor-element elementor-element-6eeee94 elementor-widget elementor-widget-heading\" data-id=\"6eeee94\" data-element_type=\"widget\" data-widget_type=\"heading.default\">\n\t\t\t\t\t<h4 class=\"elementor-heading-title elementor-size-default\">Oferta produkt\u00f3w nawozowych<\/h4>\t\t\t\t<\/div>\n\t\t\t\t<div class=\"elementor-element elementor-element-6f025cf elementor-widget elementor-widget-text-editor\" data-id=\"6f025cf\" data-element_type=\"widget\" data-widget_type=\"text-editor.default\">\n\t\t\t\t\t\t\t\t\t<table width=\"736\">\n<tbody>\n<tr>\n<td width=\"35\">Lp<\/td>\n<td width=\"347\">Nazwa<\/td>\n<td width=\"174\">Dostawca<\/td>\n<td width=\"87\">Opakowanie<\/td>\n<td width=\"93\">Cena<\/td>\n<\/tr>\n<tr>\n<td>1<\/td>\n<td>Polifoska 6<\/td>\n<td>Grupa Azoty Police<\/td>\n<td>50kg<\/td>\n<td>cena dnia<\/td>\n<\/tr>\n<tr>\n<td>3<\/td>\n<td>Polifoska 6<\/td>\n<td>Grupa Azoty Police<\/td>\n<td>500kg<\/td>\n<td>cena dnia<\/td>\n<\/tr>\n<tr>\n<td>4<\/td>\n<td>Mocznik<\/td>\n<td>Grupa Azoty Pu\u0142awy<\/td>\n<td>25kg<\/td>\n<td>cena dnia<\/td>\n<\/tr>\n<tr>\n<td>8<\/td>\n<td>Saletra amonowa<\/td>\n<td>Anwil W\u0142oc\u0142awek<\/td>\n<td>25kg<\/td>\n<td>cena dnia<\/td>\n<\/tr>\n<tr>\n<td>9<\/td>\n<td>Saletra amonowa<\/td>\n<td>Anwil W\u0142oc\u0142awek<\/td>\n<td>500kg<\/td>\n<td>cena dnia<\/td>\n<\/tr>\n<tr>\n<td>14<\/td>\n<td>Saletrzak<\/td>\n<td>Anwil W\u0142oc\u0142awek<\/td>\n<td>25kg<\/td>\n<td>cena dnia<\/td>\n<\/tr>\n<tr>\n<td>15<\/td>\n<td>Hydrokomplex Complex NPK 12-11-18+ 20S&nbsp;<\/td>\n<td>YARA MILA<\/td>\n<td>25kg<\/td>\n<td>&nbsp;&nbsp; 165.00 z\u0142<\/td>\n<\/tr>\n<tr>\n<td>16<\/td>\n<td>Wapno Magnesia CaCo 50% + MgCo 30%<\/td>\n<td>Promyk Agro<\/td>\n<td>500kg<\/td>\n<td>&nbsp;&nbsp; 580.00 z\u0142<\/td>\n<\/tr>\n<tr>\n<td>17<\/td>\n<td>Wapno<\/td>\n<td>Promyk Agro<\/td>\n<td>25kg<\/td>\n<td>&nbsp; &nbsp; &nbsp;30.00 z\u0142<\/td>\n<\/tr>\n<\/tbody>\n<\/table>\t\t\t\t\t\t\t\t<\/div>\n\t\t\t\t<div class=\"elementor-element elementor-element-53b134a elementor-widget elementor-widget-text-editor\" data-id=\"53b134a\" data-element_type=\"widget\" data-widget_type=\"text-editor.default\">\n\t\t\t\t\t\t\t\t\t<h6>\u015awiadczymy us\u0142ugi transportowe nawoz\u00f3w w promieniu 30 kilometr\u00f3w<\/h6>\t\t\t\t\t\t\t\t<\/div>\n\t\t\t\t<div class=\"elementor-element elementor-element-7454fa9 elementor-widget elementor-widget-text-editor\" data-id=\"7454fa9\" data-element_type=\"widget\" data-widget_type=\"text-editor.default\">\n\t\t\t\t\t\t\t\t\t<p>Wszystkie ceny zawieraj\u0105 podatek VAT<\/p>\t\t\t\t\t\t\t\t<\/div>\n\t\t\t\t<\/div>\n\t\t\t\t\t<\/div>\n\t\t\t\t<\/div>\n\t\t\t\t\t<\/div>\n\t\t\t\t<\/div>\n\t\t<div class=\"elementor-element elementor-element-4ca271d e-flex e-con-boxed e-con e-parent\" data-id=\"4ca271d\" data-element_type=\"container\">\n\t\t\t\t\t<div class=\"e-con-inner\">\n\t\t<div class=\"elementor-element elementor-element-76aba4d e-con-full e-flex e-con e-child\" data-id=\"76aba4d\" data-element_type=\"container\" data-settings=\"{&quot;background_background&quot;:&quot;classic&quot;}\">\n\t\t<div class=\"elementor-element elementor-element-31b34e1 e-con-full e-flex e-con e-child\" data-id=\"31b34e1\" data-element_type=\"container\" data-settings=\"{&quot;background_background&quot;:&quot;classic&quot;,&quot;position&quot;:&quot;absolute&quot;}\">\n\t\t\t\t<\/div>\n\t\t\t\t<div class=\"elementor-element elementor-element-1279fea elementor-widget elementor-widget-image\" data-id=\"1279fea\" data-element_type=\"widget\" data-widget_type=\"image.default\">\n\t\t\t\t\t\t\t\t\t\t\t\t\t\t\t<img fetchpriority=\"high\" decoding=\"async\" width=\"1024\" height=\"765\" src=\"https:\/\/gs-mosina.com.pl\/wp-content\/uploads\/2025\/09\/nawozy1-1024x765.jpg\" class=\"attachment-large size-large wp-image-1793\" alt=\"\" srcset=\"https:\/\/gs-mosina.com.pl\/wp-content\/uploads\/2025\/09\/nawozy1-1024x765.jpg 1024w, https:\/\/gs-mosina.com.pl\/wp-content\/uploads\/2025\/09\/nawozy1-300x224.jpg 300w, https:\/\/gs-mosina.com.pl\/wp-content\/uploads\/2025\/09\/nawozy1-768x573.jpg 768w, https:\/\/gs-mosina.com.pl\/wp-content\/uploads\/2025\/09\/nawozy1-1536x1147.jpg 1536w, https:\/\/gs-mosina.com.pl\/wp-content\/uploads\/2025\/09\/nawozy1-2048x1529.jpg 2048w\" sizes=\"(max-width: 1024px) 100vw, 1024px\" \/>\t\t\t\t\t\t\t\t\t\t\t\t\t\t\t<\/div>\n\t\t\t\t<\/div>\n\t\t<div class=\"elementor-element elementor-element-1b4af87 e-con-full e-flex e-con e-child\" data-id=\"1b4af87\" data-element_type=\"container\">\n\t\t\t\t<div class=\"elementor-element elementor-element-5fdd62a elementor-widget elementor-widget-text-editor\" data-id=\"5fdd62a\" data-element_type=\"widget\" data-widget_type=\"text-editor.default\">\n\t\t\t\t\t\t\t\t\t<p class=\"page-title\">Handel opa\u0142em<\/p>\t\t\t\t\t\t\t\t<\/div>\n\t\t\t\t<div class=\"elementor-element elementor-element-d2c6cd2 elementor-widget elementor-widget-heading\" data-id=\"d2c6cd2\" data-element_type=\"widget\" data-widget_type=\"heading.default\">\n\t\t\t\t\t<h2 class=\"elementor-heading-title elementor-size-default\">Rodzaje nawoz\u00f3w w sprzeda\u017cy<\/h2>\t\t\t\t<\/div>\n\t\t\t\t<div class=\"elementor-element elementor-element-6620ebd elementor-widget elementor-widget-text-editor\" data-id=\"6620ebd\" data-element_type=\"widget\" data-widget_type=\"text-editor.default\">\n\t\t\t\t\t\t\t\t\t<ul data-start=\"450\" data-end=\"803\"><li data-start=\"450\" data-end=\"506\"><p data-start=\"452\" data-end=\"506\"><strong data-start=\"452\" data-end=\"467\">Polifoska 6<\/strong> (50 kg, 500 kg) \u2013 Grupa Azoty Police<\/p><\/li><li data-start=\"507\" data-end=\"551\"><p data-start=\"509\" data-end=\"551\"><strong data-start=\"509\" data-end=\"520\">Mocznik<\/strong> (25 kg) \u2013 Grupa Azoty Pu\u0142awy<\/p><\/li><li data-start=\"552\" data-end=\"609\"><p data-start=\"554\" data-end=\"609\"><strong data-start=\"554\" data-end=\"573\">Saletra amonowa<\/strong> (25 kg, 500 kg) \u2013 Anwil W\u0142oc\u0142awek<\/p><\/li><li data-start=\"610\" data-end=\"653\"><p data-start=\"612\" data-end=\"653\"><strong data-start=\"612\" data-end=\"625\">Saletrzak<\/strong> (25 kg) \u2013 Anwil W\u0142oc\u0142awek<\/p><\/li><li data-start=\"654\" data-end=\"715\"><p data-start=\"656\" data-end=\"715\"><strong data-start=\"656\" data-end=\"693\">Hydrokomplex Power NPK 20-7-10+4S<\/strong> (25 kg) \u2013 YARA MILA<\/p><\/li><li data-start=\"716\" data-end=\"781\"><p data-start=\"718\" data-end=\"781\"><strong data-start=\"718\" data-end=\"756\">Wapno Magnesia CaCO 50% + MgCO 30%<\/strong> (500 kg) \u2013 Promyk Agro<\/p><\/li><li data-start=\"782\" data-end=\"803\"><p data-start=\"784\" data-end=\"803\"><strong data-start=\"784\" data-end=\"793\">Wapno<\/strong> (25 kg)<\/p><\/li><\/ul>\t\t\t\t\t\t\t\t<\/div>\n\t\t\t\t<\/div>\n\t\t\t\t\t<\/div>\n\t\t\t\t<\/div>\n\t\t<div class=\"elementor-element elementor-element-69ac1f4 e-flex e-con-boxed e-con e-parent\" data-id=\"69ac1f4\" data-element_type=\"container\">\n\t\t\t\t\t<div class=\"e-con-inner\">\n\t\t<div class=\"elementor-element elementor-element-18bf5a2 e-con-full e-flex e-con e-child\" data-id=\"18bf5a2\" data-element_type=\"container\">\n\t\t<div class=\"elementor-element elementor-element-81b5281 e-con-full e-flex e-con e-child\" data-id=\"81b5281\" data-element_type=\"container\" data-settings=\"{&quot;background_background&quot;:&quot;classic&quot;}\">\n\t\t<div class=\"elementor-element elementor-element-846479d e-con-full e-flex e-con e-child\" data-id=\"846479d\" data-element_type=\"container\">\n\t\t\t\t<div class=\"elementor-element elementor-element-5383fea elementor-widget elementor-widget-heading\" data-id=\"5383fea\" data-element_type=\"widget\" data-widget_type=\"heading.default\">\n\t\t\t\t\t<h3 class=\"elementor-heading-title elementor-size-default\">Szukasz niezawodnych nawoz\u00f3w?<\/h3>\t\t\t\t<\/div>\n\t\t\t\t<div class=\"elementor-element elementor-element-641c4d6 elementor-widget elementor-widget-text-editor\" data-id=\"641c4d6\" data-element_type=\"widget\" data-widget_type=\"text-editor.default\">\n\t\t\t\t\t\t\t\t\t<p>Skontaktuj si\u0119 z nami ju\u017c dzi\u015b, aby sprawdzi\u0107 ofert\u0119, uzyska\u0107 wycen\u0119 i wybra\u0107 produkty najlepiej dopasowane do Twoich upraw.<\/p>\t\t\t\t\t\t\t\t<\/div>\n\t\t\t\t<\/div>\n\t\t<div class=\"elementor-element elementor-element-70d26a8 e-con-full e-flex e-con e-child\" data-id=\"70d26a8\" data-element_type=\"container\">\n\t\t\t\t<div class=\"elementor-element elementor-element-8a43a73 elementor-widget elementor-widget-button\" data-id=\"8a43a73\" data-element_type=\"widget\" data-widget_type=\"button.default\">\n\t\t\t\t\t\t\t\t\t\t<a class=\"elementor-button elementor-button-link elementor-size-sm\" href=\"https:\/\/gs-mosina.com.pl\/kontakt\/\">\n\t\t\t\t\t\t<span class=\"elementor-button-content-wrapper\">\n\t\t\t\t\t\t<span class=\"elementor-button-icon\">\n\t\t\t\t<svg xmlns=\"http:\/\/www.w3.org\/2000\/svg\" viewBox=\"0 0 24 24\"><path fill-rule=\"evenodd\" d=\"M24 0v22.78h-2.87V4.9L2.03 24 0 21.97l19.1-19.1H1.26V0H24Z\"><\/path><\/svg>\t\t\t<\/span>\n\t\t\t\t\t\t\t\t\t<span class=\"elementor-button-text\">Skontaktuj si\u0119 z nami<\/span>\n\t\t\t\t\t<\/span>\n\t\t\t\t\t<\/a>\n\t\t\t\t\t\t\t\t<\/div>\n\t\t\t\t<\/div>\n\t\t\t\t<\/div>\n\t\t\t\t<\/div>\n\t\t\t\t\t<\/div>\n\t\t\t\t<\/div>\n\t\t\t\t<\/div>\n\t\t","protected":false},"excerpt":{"rendered":"<p>Handel nawozami Oferujemy sprawdzone nawozy od renomowanych producent\u00f3w, wspieraj\u0105ce rozw\u00f3j upraw i wysokie plony. Gwarantujemy jako\u015b\u0107, atrakcyjne ceny i profesjonaln\u0105 obs\u0142ug\u0119. Nasza oferta opa\u0142u Gminna Sp\u00f3\u0142dzielnia \u201eSamopomoc Ch\u0142opska\u201d w Mosinie od wielu lat prowadzi sprzeda\u017c wysokiej jako\u015bci opa\u0142u dla mieszka\u0144c\u00f3w oraz firm. Zapewniamy sprawdzone produkty w konkurencyjnych cenach, dost\u0119pne zar\u00f3wno luzem, jak i w wygodnych [&hellip;]<\/p>\n","protected":false},"author":1,"featured_media":0,"parent":0,"menu_order":0,"comment_status":"closed","ping_status":"closed","template":"elementor_header_footer","meta":{"footnotes":""},"class_list":["post-1604","page","type-page","status-publish","hentry"],"blocksy_meta":[],"_links":{"self":[{"href":"http:\/\/gs-mosina.com.pl\/index.php?rest_route=\/wp\/v2\/pages\/1604","targetHints":{"allow":["GET"]}}],"collection":[{"href":"http:\/\/gs-mosina.com.pl\/index.php?rest_route=\/wp\/v2\/pages"}],"about":[{"href":"http:\/\/gs-mosina.com.pl\/index.php?rest_route=\/wp\/v2\/types\/page"}],"author":[{"embeddable":true,"href":"http:\/\/gs-mosina.com.pl\/index.php?rest_route=\/wp\/v2\/users\/1"}],"replies":[{"embeddable":true,"href":"http:\/\/gs-mosina.com.pl\/index.php?rest_route=%2Fwp%2Fv2%2Fcomments&post=1604"}],"version-history":[{"count":40,"href":"http:\/\/gs-mosina.com.pl\/index.php?rest_route=\/wp\/v2\/pages\/1604\/revisions"}],"predecessor-version":[{"id":2015,"href":"http:\/\/gs-mosina.com.pl\/index.php?rest_route=\/wp\/v2\/pages\/1604\/revisions\/2015"}],"wp:attachment":[{"href":"http:\/\/gs-mosina.com.pl\/index.php?rest_route=%2Fwp%2Fv2%2Fmedia&parent=1604"}],"curies":[{"name":"wp","href":"https:\/\/api.w.org\/{rel}","templated":true}]}}